{"id":2841,"date":"2025-09-18T15:13:50","date_gmt":"2025-09-18T13:13:50","guid":{"rendered":"https:\/\/www.editionsfou.com\/recettes\/"},"modified":"2025-09-18T19:33:09","modified_gmt":"2025-09-18T17:33:09","slug":"recipes","status":"publish","type":"page","link":"https:\/\/www.editionsfou.com\/en\/recipes\/","title":{"rendered":"Recipes"},"content":{"rendered":"\t\t<div data-elementor-type=\"wp-page\" data-elementor-id=\"2841\" class=\"elementor elementor-2841 elementor-2747\">\n\t\t\t\t\t\t<div class=\"elementor-inner\">\n\t\t\t\t<div class=\"elementor-section-wrap\">\n\t\t\t\t\t\t\t\t\t<section class=\"elementor-section elementor-top-section elementor-element elementor-element-829a9a3 elementor-section-full_width elementor-section-height-default elementor-section-height-default\" data-id=\"829a9a3\" data-element_type=\"section\">\n\t\t\t\t\t\t<div class=\"elementor-container elementor-column-gap-no\">\n\t\t\t\t\t\t\t<div class=\"elementor-row\">\n\t\t\t\t\t<div class=\"elementor-column elementor-col-100 elementor-top-column elementor-element elementor-element-283bbea\" data-id=\"283bbea\" data-element_type=\"column\">\n\t\t\t<div class=\"elementor-column-wrap elementor-element-populated\">\n\t\t\t\t\t\t\t<div class=\"elementor-widget-wrap\">\n\t\t\t\t\t\t<div class=\"elementor-element elementor-element-30e2493 elementor-widget__width-inherit elementor-widget elementor-widget-themo-slider\" data-id=\"30e2493\" data-element_type=\"widget\" data-widget_type=\"themo-slider.default\">\n\t\t\t\t<div class=\"elementor-widget-container\">\n\t\t\t\n\t\t<div id=\"main-flex-slider\" class=\"flexslider\">\n\t\t\t<ul class=\"slides\">\n\t\t\t\t\n                    \n                    \n\t\t\t\t\t\t\t\t\t\t                    \n                    <li class=\"elementor-repeater-item-f180d36\">\n\t\t\t\t\t\t<div class=\"slider-bg slide-cal-center \">\n                            <div class=\"th-slide-wrap th-slider-overlay has-image-bg\">\n                                <div class=\"th-slide-inner  th-centered\">\n                                    <div class=\"th-slide-content\">\n                                                                                    <h1 class=\"slider-title\">Recipes<\/h1>\n                                        \n                                                                                \n                                        \n                                                                                                                                                                            \n                                            <div><\/div>                                                                            <\/div>\n                                <\/div>\n\t\t\t\t\t\t\t<\/div>\n\t\t\t\t\t\t<\/div>\n\t\t\t\t\t<\/li>\n\t\t\t\t\t\t\t<\/ul>\n\n\t\t\t\t\t<\/div>\n\n\t\t<script>\n\t\t\tjQuery( function ( $ ) {\n\n\t\t\t\tthemo_start_flex_slider(\n\t\t\t\t\t'.flexslider',\n                    false,\n\t\t\t\t\t'fade',\n\t\t\t\t\t'swing',\n\t\t\t\t\ttrue,\n\t\t\t\t\ttrue,\n\t\t\t\t\t4000,\n\t\t\t\t\t550,\n\t\t\t\t\tfalse,\n\t\t\t\t\ttrue,\n\t\t\t\t\ttrue,\n\t\t\t\t\ttrue,\n\t\t\t\t\ttrue\t\t\t\t);\n\t\t\t} );\n\t\t<\/script>\n\t\t\t\t<\/div>\n\t\t\t\t<\/div>\n\t\t\t\t\t\t<\/div>\n\t\t\t\t\t<\/div>\n\t\t<\/div>\n\t\t\t\t\t\t\t\t<\/div>\n\t\t\t\t\t<\/div>\n\t\t<\/section>\n\t\t\t\t<section class=\"elementor-section elementor-top-section elementor-element elementor-element-6d5b71f elementor-section-boxed elementor-section-height-default elementor-section-height-default\" data-id=\"6d5b71f\" data-element_type=\"section\">\n\t\t\t\t\t\t<div class=\"elementor-container elementor-column-gap-default\">\n\t\t\t\t\t\t\t<div class=\"elementor-row\">\n\t\t\t\t\t<div class=\"elementor-column elementor-col-100 elementor-top-column elementor-element elementor-element-bb833ce\" data-id=\"bb833ce\" data-element_type=\"column\">\n\t\t\t<div class=\"elementor-column-wrap elementor-element-populated\">\n\t\t\t\t\t\t\t<div class=\"elementor-widget-wrap\">\n\t\t\t\t\t\t<div class=\"elementor-element elementor-element-28d00ff elementor-widget elementor-widget-image\" data-id=\"28d00ff\" data-element_type=\"widget\" data-widget_type=\"image.default\">\n\t\t\t\t<div class=\"elementor-widget-container\">\n\t\t\t\t\t\t\t\t<div class=\"elementor-image\">\n\t\t\t\t\t\t\t\t\t\t\t\t<img loading=\"lazy\" decoding=\"async\" width=\"465\" height=\"7\" src=\"https:\/\/www.editionsfou.com\/wp-content\/uploads\/2022\/07\/barre2.svg\" class=\"attachment-large size-large\" alt=\"\" \/>\t\t\t\t\t\t\t\t\t\t\t\t\t\t<\/div>\n\t\t\t\t\t\t<\/div>\n\t\t\t\t<\/div>\n\t\t\t\t\t\t<\/div>\n\t\t\t\t\t<\/div>\n\t\t<\/div>\n\t\t\t\t\t\t\t\t<\/div>\n\t\t\t\t\t<\/div>\n\t\t<\/section>\n\t\t\t\t<section class=\"elementor-section elementor-top-section elementor-element elementor-element-c68613d elementor-section-boxed elementor-section-height-default elementor-section-height-default\" data-id=\"c68613d\" data-element_type=\"section\">\n\t\t\t\t\t\t<div class=\"elementor-container elementor-column-gap-default\">\n\t\t\t\t\t\t\t<div class=\"elementor-row\">\n\t\t\t\t\t<div class=\"elementor-column elementor-col-100 elementor-top-column elementor-element elementor-element-b6138c6\" data-id=\"b6138c6\" data-element_type=\"column\">\n\t\t\t<div class=\"elementor-column-wrap elementor-element-populated\">\n\t\t\t\t\t\t\t<div class=\"elementor-widget-wrap\">\n\t\t\t\t\t\t<div class=\"elementor-element elementor-element-d49f7cf elementor-widget elementor-widget-heading\" data-id=\"d49f7cf\" data-element_type=\"widget\" data-widget_type=\"heading.default\">\n\t\t\t\t<div class=\"elementor-widget-container\">\n\t\t\t<h3 class=\"elementor-heading-title elementor-size-default\">D\u00c9COUVREZ LES RECETTES<\/h3>\t\t<\/div>\n\t\t\t\t<\/div>\n\t\t\t\t<div class=\"elementor-element elementor-element-97b6f65 elementor-widget elementor-widget-heading\" data-id=\"97b6f65\" data-element_type=\"widget\" data-widget_type=\"heading.default\">\n\t\t\t\t<div class=\"elementor-widget-container\">\n\t\t\t<h2 class=\"elementor-heading-title elementor-size-default\">DES EDITIONS FOU !<\/h2>\t\t<\/div>\n\t\t\t\t<\/div>\n\t\t\t\t\t\t<\/div>\n\t\t\t\t\t<\/div>\n\t\t<\/div>\n\t\t\t\t\t\t\t\t<\/div>\n\t\t\t\t\t<\/div>\n\t\t<\/section>\n\t\t\t\t<section class=\"elementor-section elementor-top-section elementor-element elementor-element-3719b2b elementor-section-boxed elementor-section-height-default elementor-section-height-default\" data-id=\"3719b2b\" data-element_type=\"section\">\n\t\t\t\t\t\t<div class=\"elementor-container elementor-column-gap-default\">\n\t\t\t\t\t\t\t<div class=\"elementor-row\">\n\t\t\t\t\t<div class=\"elementor-column elementor-col-100 elementor-top-column elementor-element elementor-element-5815551\" data-id=\"5815551\" data-element_type=\"column\">\n\t\t\t<div class=\"elementor-column-wrap elementor-element-populated\">\n\t\t\t\t\t\t\t<div class=\"elementor-widget-wrap\">\n\t\t\t\t\t\t<div class=\"elementor-element elementor-element-42a33e2 elementor-widget elementor-widget-shortcode\" data-id=\"42a33e2\" data-element_type=\"widget\" data-widget_type=\"shortcode.default\">\n\t\t\t\t<div class=\"elementor-widget-container\">\n\t\t\t\t\t<div class=\"elementor-shortcode\">\n\t<div class=\"wrap\" role=\"document\">\n\t\t\t<div class=\"content\">\n\t\t\t\t\t<div class=\"inner-container\">\n\t\t\t\t\t\t\t<section class=\"th-masonry-blog\" id=\"th-masonry\">\n\t\t\t\t\t\t\t\t\t<div class=\"container\">\n\t\t\t\t\t\t\t\t\t\t\t<div class=\"mas-blog row\">\n\t\t\t\t\t\t\t\t\t\t\t\t\t<div class=\"mas-blog-post-sizer col-lg-4 col-md-4 col-sm-6\"><\/div>\n\n\t\t\t\t\t\t\t\t\t\t\t\t\t\t\t\t\t\t\t\t\t\t\t\t\t\t\t\t<div id=\"post-2873\" class=\"mas-blog-post col-lg-4 col-md-4 col-sm-6 post-2873 recettes type-recettes status-publish has-post-thumbnail hentry\">\n\t\t\t\t\t\t\t\t\t\t\t\t\t\t\t\t\t<div class=\"post-inner\">\n\t\t\t\t\t\t\t\t\t\t\t\t\t\t\t\t\t\t\t                                            <a href=\"https:\/\/www.editionsfou.com\/en\/recipes\/paleron-confit-aux-dattes\/\" class=\"post-thumbnail-link\">\n                                                <img loading=\"lazy\" decoding=\"async\" width=\"930\" height=\"694\" src=\"https:\/\/www.editionsfou.com\/wp-content\/uploads\/2025\/09\/paleron.jpg\" class=\"post-thumbnail img-fluid wp-post-image\" alt=\"\u00a9Camille Lefran\u00e7ois\" srcset=\"https:\/\/www.editionsfou.com\/wp-content\/uploads\/2025\/09\/paleron.jpg 930w, https:\/\/www.editionsfou.com\/wp-content\/uploads\/2025\/09\/paleron-300x224.jpg 300w, https:\/\/www.editionsfou.com\/wp-content\/uploads\/2025\/09\/paleron-768x573.jpg 768w, https:\/\/www.editionsfou.com\/wp-content\/uploads\/2025\/09\/paleron-134x100.jpg 134w, https:\/\/www.editionsfou.com\/wp-content\/uploads\/2025\/09\/paleron-107x80.jpg 107w, https:\/\/www.editionsfou.com\/wp-content\/uploads\/2025\/09\/paleron-394x294.jpg 394w, https:\/\/www.editionsfou.com\/wp-content\/uploads\/2025\/09\/paleron-915x683.jpg 915w\" sizes=\"auto, (max-width: 930px) 100vw, 930px\" \/>                                            <\/a>\n\t\t\t\t\t\t\t\t\t\t\t\t\t\t\t\t\t\t\t\t\t\t\t\t\t\t\t\t\t\t\t\t\t\t\t\t\t\t<h3 class=\"post-title\">\n\t\t\t\t\t\t\t\t\t\t\t\t\t\t\t\t\t\t\t\t\t<a href=\"https:\/\/www.editionsfou.com\/en\/recipes\/paleron-confit-aux-dattes\/\">Paleron confit aux dattes &#8211; EN<\/a>\n\t\t\t\t\t\t\t\t\t\t\t\t\t\t\t\t\t\t\t<\/h3>\n\t\t\t\t\t\t\t\t\t\t\t\t\t\t\t\t\t<\/div>\n\t\t\t\t\t\t\t\t\t\t\t\t\t\t\t<\/div>\n\t\t\t\t\t\t\t\t\t\t\t\t\t\t\t\t\t\t\t\t\t\t\t\t\t\t\n\t\t\t\t\t\t\t\t\t\t\t<\/div><!-- \/.mas-blog row -->\n\n\t\t\t\t\t\t\t\t\t<\/div><!-- \/.container -->\n\t\t\t\t\t\t\t<\/section>\n\n\t\t\t\t\t<\/div><!-- \/.inner-container -->\n\t\t\t<\/div><!-- \/.content -->\n\t<\/div><!-- \/.wrap -->\n<style>\n\t.post-thumbnail {\n\t\twidth: 100%;\n\t\theight: auto;\n\t\tobject-fit: cover;\n\t\tmargin-bottom: 5px;\n\t}\n<\/style>\n\t<\/div>\n\t\t\t\t<\/div>\n\t\t\t\t<\/div>\n\t\t\t\t\t\t<\/div>\n\t\t\t\t\t<\/div>\n\t\t<\/div>\n\t\t\t\t\t\t\t\t<\/div>\n\t\t\t\t\t<\/div>\n\t\t<\/section>\n\t\t\t\t\t\t\t\t\t<\/div>\n\t\t\t<\/div>\n\t\t\t\t\t<\/div>\n\t\t","protected":false},"excerpt":{"rendered":"<p>Recipes D\u00c9COUVREZ LES RECETTES DES EDITIONS FOU !<\/p>\n","protected":false},"author":1,"featured_media":0,"parent":0,"menu_order":12,"comment_status":"closed","ping_status":"closed","template":"","meta":{"footnotes":""},"class_list":["post-2841","page","type-page","status-publish","hentry"],"yoast_head":"<!-- This site is optimized with the Yoast SEO plugin v27.3 - https:\/\/yoast.com\/product\/yoast-seo-wordpress\/ -->\n<title>T\u00e9l\u00e9chargez l&#039;application FOU ! \u00e9ditions magazine lifestyle<\/title>\n<meta name=\"description\" content=\"T\u00e9l\u00e9chargez notre application FOU ! \u00c9ditions et acc\u00e9dez directement \u00e0 toutes les bonnes adresses normandes du pays d&#039;Auge et de la Baie du Mont-Saint-Michel\" \/>\n<meta name=\"robots\" content=\"index, follow, max-snippet:-1, max-image-preview:large, max-video-preview:-1\" \/>\n<link rel=\"canonical\" href=\"https:\/\/www.editionsfou.com\/en\/recipes\/\" \/>\n<meta property=\"og:locale\" content=\"en_US\" \/>\n<meta property=\"og:type\" content=\"article\" \/>\n<meta property=\"og:title\" content=\"T\u00e9l\u00e9chargez l&#039;application FOU ! \u00e9ditions magazine lifestyle\" \/>\n<meta property=\"og:description\" content=\"T\u00e9l\u00e9chargez notre application FOU ! \u00c9ditions et acc\u00e9dez directement \u00e0 toutes les bonnes adresses normandes du pays d&#039;Auge et de la Baie du Mont-Saint-Michel\" \/>\n<meta property=\"og:url\" content=\"https:\/\/www.editionsfou.com\/en\/recipes\/\" \/>\n<meta property=\"og:site_name\" content=\"FOU ! Editions\" \/>\n<meta property=\"article:modified_time\" content=\"2025-09-18T17:33:09+00:00\" \/>\n<meta property=\"og:image\" content=\"https:\/\/www.editionsfou.com\/wp-content\/uploads\/2022\/07\/barre2.svg\" \/>\n<meta name=\"twitter:card\" content=\"summary_large_image\" \/>\n<meta name=\"twitter:label1\" content=\"Est. reading time\" \/>\n\t<meta name=\"twitter:data1\" content=\"1 minute\" \/>\n<script type=\"application\/ld+json\" class=\"yoast-schema-graph\">{\"@context\":\"https:\\\/\\\/schema.org\",\"@graph\":[{\"@type\":\"WebPage\",\"@id\":\"https:\\\/\\\/www.editionsfou.com\\\/en\\\/recipes\\\/\",\"url\":\"https:\\\/\\\/www.editionsfou.com\\\/en\\\/recipes\\\/\",\"name\":\"T\u00e9l\u00e9chargez l'application FOU ! \u00e9ditions magazine lifestyle\",\"isPartOf\":{\"@id\":\"https:\\\/\\\/www.editionsfou.com\\\/en\\\/#website\"},\"primaryImageOfPage\":{\"@id\":\"https:\\\/\\\/www.editionsfou.com\\\/en\\\/recipes\\\/#primaryimage\"},\"image\":{\"@id\":\"https:\\\/\\\/www.editionsfou.com\\\/en\\\/recipes\\\/#primaryimage\"},\"thumbnailUrl\":\"https:\\\/\\\/www.editionsfou.com\\\/wp-content\\\/uploads\\\/2022\\\/07\\\/barre2.svg\",\"datePublished\":\"2025-09-18T13:13:50+00:00\",\"dateModified\":\"2025-09-18T17:33:09+00:00\",\"description\":\"T\u00e9l\u00e9chargez notre application FOU ! \u00c9ditions et acc\u00e9dez directement \u00e0 toutes les bonnes adresses normandes du pays d'Auge et de la Baie du Mont-Saint-Michel\",\"breadcrumb\":{\"@id\":\"https:\\\/\\\/www.editionsfou.com\\\/en\\\/recipes\\\/#breadcrumb\"},\"inLanguage\":\"en-US\",\"potentialAction\":[{\"@type\":\"ReadAction\",\"target\":[\"https:\\\/\\\/www.editionsfou.com\\\/en\\\/recipes\\\/\"]}]},{\"@type\":\"ImageObject\",\"inLanguage\":\"en-US\",\"@id\":\"https:\\\/\\\/www.editionsfou.com\\\/en\\\/recipes\\\/#primaryimage\",\"url\":\"https:\\\/\\\/www.editionsfou.com\\\/wp-content\\\/uploads\\\/2022\\\/07\\\/barre2.svg\",\"contentUrl\":\"https:\\\/\\\/www.editionsfou.com\\\/wp-content\\\/uploads\\\/2022\\\/07\\\/barre2.svg\"},{\"@type\":\"BreadcrumbList\",\"@id\":\"https:\\\/\\\/www.editionsfou.com\\\/en\\\/recipes\\\/#breadcrumb\",\"itemListElement\":[{\"@type\":\"ListItem\",\"position\":1,\"name\":\"Accueil\",\"item\":\"https:\\\/\\\/www.editionsfou.com\\\/en\\\/\"},{\"@type\":\"ListItem\",\"position\":2,\"name\":\"Recipes\"}]},{\"@type\":\"WebSite\",\"@id\":\"https:\\\/\\\/www.editionsfou.com\\\/en\\\/#website\",\"url\":\"https:\\\/\\\/www.editionsfou.com\\\/en\\\/\",\"name\":\"FOU ! Editions\",\"description\":\"Rencontre d&#039;acteurs un peu fous, cr\u00e9atifs, sinc\u00e8res et passionn\u00e9s\",\"potentialAction\":[{\"@type\":\"SearchAction\",\"target\":{\"@type\":\"EntryPoint\",\"urlTemplate\":\"https:\\\/\\\/www.editionsfou.com\\\/en\\\/?s={search_term_string}\"},\"query-input\":{\"@type\":\"PropertyValueSpecification\",\"valueRequired\":true,\"valueName\":\"search_term_string\"}}],\"inLanguage\":\"en-US\"}]}<\/script>\n<!-- \/ Yoast SEO plugin. -->","yoast_head_json":{"title":"T\u00e9l\u00e9chargez l'application FOU ! \u00e9ditions magazine lifestyle","description":"T\u00e9l\u00e9chargez notre application FOU ! \u00c9ditions et acc\u00e9dez directement \u00e0 toutes les bonnes adresses normandes du pays d'Auge et de la Baie du Mont-Saint-Michel","robots":{"index":"index","follow":"follow","max-snippet":"max-snippet:-1","max-image-preview":"max-image-preview:large","max-video-preview":"max-video-preview:-1"},"canonical":"https:\/\/www.editionsfou.com\/en\/recipes\/","og_locale":"en_US","og_type":"article","og_title":"T\u00e9l\u00e9chargez l'application FOU ! \u00e9ditions magazine lifestyle","og_description":"T\u00e9l\u00e9chargez notre application FOU ! \u00c9ditions et acc\u00e9dez directement \u00e0 toutes les bonnes adresses normandes du pays d'Auge et de la Baie du Mont-Saint-Michel","og_url":"https:\/\/www.editionsfou.com\/en\/recipes\/","og_site_name":"FOU ! Editions","article_modified_time":"2025-09-18T17:33:09+00:00","og_image":[{"url":"https:\/\/www.editionsfou.com\/wp-content\/uploads\/2022\/07\/barre2.svg","type":"","width":"","height":""}],"twitter_card":"summary_large_image","twitter_misc":{"Est. reading time":"1 minute"},"schema":{"@context":"https:\/\/schema.org","@graph":[{"@type":"WebPage","@id":"https:\/\/www.editionsfou.com\/en\/recipes\/","url":"https:\/\/www.editionsfou.com\/en\/recipes\/","name":"T\u00e9l\u00e9chargez l'application FOU ! \u00e9ditions magazine lifestyle","isPartOf":{"@id":"https:\/\/www.editionsfou.com\/en\/#website"},"primaryImageOfPage":{"@id":"https:\/\/www.editionsfou.com\/en\/recipes\/#primaryimage"},"image":{"@id":"https:\/\/www.editionsfou.com\/en\/recipes\/#primaryimage"},"thumbnailUrl":"https:\/\/www.editionsfou.com\/wp-content\/uploads\/2022\/07\/barre2.svg","datePublished":"2025-09-18T13:13:50+00:00","dateModified":"2025-09-18T17:33:09+00:00","description":"T\u00e9l\u00e9chargez notre application FOU ! \u00c9ditions et acc\u00e9dez directement \u00e0 toutes les bonnes adresses normandes du pays d'Auge et de la Baie du Mont-Saint-Michel","breadcrumb":{"@id":"https:\/\/www.editionsfou.com\/en\/recipes\/#breadcrumb"},"inLanguage":"en-US","potentialAction":[{"@type":"ReadAction","target":["https:\/\/www.editionsfou.com\/en\/recipes\/"]}]},{"@type":"ImageObject","inLanguage":"en-US","@id":"https:\/\/www.editionsfou.com\/en\/recipes\/#primaryimage","url":"https:\/\/www.editionsfou.com\/wp-content\/uploads\/2022\/07\/barre2.svg","contentUrl":"https:\/\/www.editionsfou.com\/wp-content\/uploads\/2022\/07\/barre2.svg"},{"@type":"BreadcrumbList","@id":"https:\/\/www.editionsfou.com\/en\/recipes\/#breadcrumb","itemListElement":[{"@type":"ListItem","position":1,"name":"Accueil","item":"https:\/\/www.editionsfou.com\/en\/"},{"@type":"ListItem","position":2,"name":"Recipes"}]},{"@type":"WebSite","@id":"https:\/\/www.editionsfou.com\/en\/#website","url":"https:\/\/www.editionsfou.com\/en\/","name":"FOU ! Editions","description":"Rencontre d&#039;acteurs un peu fous, cr\u00e9atifs, sinc\u00e8res et passionn\u00e9s","potentialAction":[{"@type":"SearchAction","target":{"@type":"EntryPoint","urlTemplate":"https:\/\/www.editionsfou.com\/en\/?s={search_term_string}"},"query-input":{"@type":"PropertyValueSpecification","valueRequired":true,"valueName":"search_term_string"}}],"inLanguage":"en-US"}]}},"_links":{"self":[{"href":"https:\/\/www.editionsfou.com\/en\/wp-json\/wp\/v2\/pages\/2841","targetHints":{"allow":["GET"]}}],"collection":[{"href":"https:\/\/www.editionsfou.com\/en\/wp-json\/wp\/v2\/pages"}],"about":[{"href":"https:\/\/www.editionsfou.com\/en\/wp-json\/wp\/v2\/types\/page"}],"author":[{"embeddable":true,"href":"https:\/\/www.editionsfou.com\/en\/wp-json\/wp\/v2\/users\/1"}],"replies":[{"embeddable":true,"href":"https:\/\/www.editionsfou.com\/en\/wp-json\/wp\/v2\/comments?post=2841"}],"version-history":[{"count":5,"href":"https:\/\/www.editionsfou.com\/en\/wp-json\/wp\/v2\/pages\/2841\/revisions"}],"predecessor-version":[{"id":2867,"href":"https:\/\/www.editionsfou.com\/en\/wp-json\/wp\/v2\/pages\/2841\/revisions\/2867"}],"wp:attachment":[{"href":"https:\/\/www.editionsfou.com\/en\/wp-json\/wp\/v2\/media?parent=2841"}],"curies":[{"name":"wp","href":"https:\/\/api.w.org\/{rel}","templated":true}]}}