{"id":1439,"date":"2022-08-12T07:00:17","date_gmt":"2022-08-12T05:00:17","guid":{"rendered":"https:\/\/www.editionsfou.com\/telechargez-lapplication\/"},"modified":"2025-09-23T11:59:44","modified_gmt":"2025-09-23T09:59:44","slug":"download-the-app","status":"publish","type":"page","link":"https:\/\/www.editionsfou.com\/en\/download-the-app\/","title":{"rendered":"Download the app"},"content":{"rendered":"\t\t<div data-elementor-type=\"wp-page\" data-elementor-id=\"1439\" class=\"elementor elementor-1439 elementor-753\">\n\t\t\t\t\t\t<div class=\"elementor-inner\">\n\t\t\t\t<div class=\"elementor-section-wrap\">\n\t\t\t\t\t\t\t\t\t<section class=\"elementor-section elementor-top-section elementor-element elementor-element-829a9a3 elementor-section-full_width elementor-section-height-default elementor-section-height-default\" data-id=\"829a9a3\" data-element_type=\"section\">\n\t\t\t\t\t\t<div class=\"elementor-container elementor-column-gap-no\">\n\t\t\t\t\t\t\t<div class=\"elementor-row\">\n\t\t\t\t\t<div class=\"elementor-column elementor-col-100 elementor-top-column elementor-element elementor-element-283bbea\" data-id=\"283bbea\" data-element_type=\"column\">\n\t\t\t<div class=\"elementor-column-wrap elementor-element-populated\">\n\t\t\t\t\t\t\t<div class=\"elementor-widget-wrap\">\n\t\t\t\t\t\t<div class=\"elementor-element elementor-element-30e2493 elementor-widget__width-inherit elementor-widget elementor-widget-themo-slider\" data-id=\"30e2493\" data-element_type=\"widget\" data-widget_type=\"themo-slider.default\">\n\t\t\t\t<div class=\"elementor-widget-container\">\n\t\t\t\n\t\t<div id=\"main-flex-slider\" class=\"flexslider\">\n\t\t\t<ul class=\"slides\">\n\t\t\t\t\n                    \n                    \n\t\t\t\t\t\t\t\t\t\t                    \n                    <li class=\"elementor-repeater-item-f180d36\">\n\t\t\t\t\t\t<div class=\"slider-bg slide-cal-center \">\n                            <div class=\"th-slide-wrap th-slider-overlay has-image-bg\">\n                                <div class=\"th-slide-inner  th-centered\">\n                                    <div class=\"th-slide-content\">\n                                                                                    <h1 class=\"slider-title\">Download the app<\/h1>\n                                        \n                                                                                \n                                        \n                                                                                                                                                                            \n                                            <div><\/div>                                                                            <\/div>\n                                <\/div>\n\t\t\t\t\t\t\t<\/div>\n\t\t\t\t\t\t<\/div>\n\t\t\t\t\t<\/li>\n\t\t\t\t\n                    \n                    \n\t\t\t\t\t\t\t\t\t\t                    \n                    <li class=\"elementor-repeater-item-bf6add5\">\n\t\t\t\t\t\t<div class=\"slider-bg slide-cal-center  \">\n                            <div class=\"th-slide-wrap th-slider-overlay has-image-bg th-slide-wrap\">\n                                <div class=\"th-slide-inner  th-centered\">\n                                    <div class=\"th-slide-content\">\n                                                                                    <h1 class=\"slider-title\">Slide Title<\/h1>\n                                        \n                                                                                    <div class=\"slider-subtitle\">\n                                                <p>Slide Content<\/p>\n                                            <\/div>\n                                                                                                                            <div class=\"th-btn-wrap\">\n                                                                                                                                                            <a class=\"btn-1 btn th-btn btn-standard-light\" href=\"#\">\n                                                                                                                            Button Text                                                                                                                    <\/a>\n                                                                                                                                                                                                <\/div>\n                                        \n                                        \n                                                                                                                                                                            \n                                            <div><\/div>                                                                            <\/div>\n                                <\/div>\n\t\t\t\t\t\t\t<\/div>\n\t\t\t\t\t\t<\/div>\n\t\t\t\t\t<\/li>\n\t\t\t\t\t\t\t<\/ul>\n\n\t\t\t\t\t<\/div>\n\n\t\t<script>\n\t\t\tjQuery( function ( $ ) {\n\n\t\t\t\tthemo_start_flex_slider(\n\t\t\t\t\t'.flexslider',\n                    false,\n\t\t\t\t\t'fade',\n\t\t\t\t\t'swing',\n\t\t\t\t\ttrue,\n\t\t\t\t\ttrue,\n\t\t\t\t\t4000,\n\t\t\t\t\t550,\n\t\t\t\t\tfalse,\n\t\t\t\t\ttrue,\n\t\t\t\t\ttrue,\n\t\t\t\t\ttrue,\n\t\t\t\t\ttrue\t\t\t\t);\n\t\t\t} );\n\t\t<\/script>\n\t\t\t\t<\/div>\n\t\t\t\t<\/div>\n\t\t\t\t\t\t<\/div>\n\t\t\t\t\t<\/div>\n\t\t<\/div>\n\t\t\t\t\t\t\t\t<\/div>\n\t\t\t\t\t<\/div>\n\t\t<\/section>\n\t\t\t\t<section class=\"elementor-section elementor-top-section elementor-element elementor-element-6d5b71f elementor-section-boxed elementor-section-height-default elementor-section-height-default\" data-id=\"6d5b71f\" data-element_type=\"section\">\n\t\t\t\t\t\t<div class=\"elementor-container elementor-column-gap-default\">\n\t\t\t\t\t\t\t<div class=\"elementor-row\">\n\t\t\t\t\t<div class=\"elementor-column elementor-col-100 elementor-top-column elementor-element elementor-element-bb833ce\" data-id=\"bb833ce\" data-element_type=\"column\">\n\t\t\t<div class=\"elementor-column-wrap elementor-element-populated\">\n\t\t\t\t\t\t\t<div class=\"elementor-widget-wrap\">\n\t\t\t\t\t\t<div class=\"elementor-element elementor-element-28d00ff elementor-widget elementor-widget-image\" data-id=\"28d00ff\" data-element_type=\"widget\" data-widget_type=\"image.default\">\n\t\t\t\t<div class=\"elementor-widget-container\">\n\t\t\t\t\t\t\t\t<div class=\"elementor-image\">\n\t\t\t\t\t\t\t\t\t\t\t\t<img loading=\"lazy\" decoding=\"async\" width=\"465\" height=\"7\" src=\"https:\/\/www.editionsfou.com\/wp-content\/uploads\/2022\/07\/barre2.svg\" class=\"attachment-large size-large\" alt=\"\" \/>\t\t\t\t\t\t\t\t\t\t\t\t\t\t<\/div>\n\t\t\t\t\t\t<\/div>\n\t\t\t\t<\/div>\n\t\t\t\t\t\t<\/div>\n\t\t\t\t\t<\/div>\n\t\t<\/div>\n\t\t\t\t\t\t\t\t<\/div>\n\t\t\t\t\t<\/div>\n\t\t<\/section>\n\t\t\t\t<section class=\"elementor-section elementor-top-section elementor-element elementor-element-f40b3ff elementor-section-boxed elementor-section-height-default elementor-section-height-default\" data-id=\"f40b3ff\" data-element_type=\"section\">\n\t\t\t\t\t\t<div class=\"elementor-container elementor-column-gap-default\">\n\t\t\t\t\t\t\t<div class=\"elementor-row\">\n\t\t\t\t\t<div class=\"elementor-column elementor-col-100 elementor-top-column elementor-element elementor-element-c196e98\" data-id=\"c196e98\" data-element_type=\"column\">\n\t\t\t<div class=\"elementor-column-wrap elementor-element-populated\">\n\t\t\t\t\t\t\t<div class=\"elementor-widget-wrap\">\n\t\t\t\t\t\t<div class=\"elementor-element elementor-element-6124346 elementor-widget elementor-widget-heading\" data-id=\"6124346\" data-element_type=\"widget\" data-widget_type=\"heading.default\">\n\t\t\t\t<div class=\"elementor-widget-container\">\n\t\t\t<h2 class=\"elementor-heading-title elementor-size-default\">Download our free application  <br>\nand let yourself be guided...<\/h2>\t\t<\/div>\n\t\t\t\t<\/div>\n\t\t\t\t\t\t<\/div>\n\t\t\t\t\t<\/div>\n\t\t<\/div>\n\t\t\t\t\t\t\t\t<\/div>\n\t\t\t\t\t<\/div>\n\t\t<\/section>\n\t\t\t\t<section class=\"elementor-section elementor-top-section elementor-element elementor-element-0b9f630 elementor-section-boxed elementor-section-height-default elementor-section-height-default\" data-id=\"0b9f630\" data-element_type=\"section\">\n\t\t\t\t\t\t<div class=\"elementor-container elementor-column-gap-wide\">\n\t\t\t\t\t\t\t<div class=\"elementor-row\">\n\t\t\t\t\t<div class=\"elementor-column elementor-col-33 elementor-top-column elementor-element elementor-element-6fb6aaf\" data-id=\"6fb6aaf\" data-element_type=\"column\">\n\t\t\t<div class=\"elementor-column-wrap elementor-element-populated\">\n\t\t\t\t\t\t\t<div class=\"elementor-widget-wrap\">\n\t\t\t\t\t\t<div class=\"elementor-element elementor-element-63c2720 elementor-widget elementor-widget-image\" data-id=\"63c2720\" data-element_type=\"widget\" data-widget_type=\"image.default\">\n\t\t\t\t<div class=\"elementor-widget-container\">\n\t\t\t\t\t\t\t\t<div class=\"elementor-image\">\n\t\t\t\t\t\t\t\t\t\t\t\t<img loading=\"lazy\" decoding=\"async\" width=\"862\" height=\"1024\" src=\"https:\/\/www.editionsfou.com\/wp-content\/uploads\/2025\/07\/APPLI-BAIE-862x1024.jpg\" class=\"attachment-large size-large\" alt=\"\" srcset=\"https:\/\/www.editionsfou.com\/wp-content\/uploads\/2025\/07\/APPLI-BAIE-862x1024.jpg 862w, https:\/\/www.editionsfou.com\/wp-content\/uploads\/2025\/07\/APPLI-BAIE-253x300.jpg 253w, https:\/\/www.editionsfou.com\/wp-content\/uploads\/2025\/07\/APPLI-BAIE-768x912.jpg 768w, https:\/\/www.editionsfou.com\/wp-content\/uploads\/2025\/07\/APPLI-BAIE-84x100.jpg 84w, https:\/\/www.editionsfou.com\/wp-content\/uploads\/2025\/07\/APPLI-BAIE-67x80.jpg 67w, https:\/\/www.editionsfou.com\/wp-content\/uploads\/2025\/07\/APPLI-BAIE-255x303.jpg 255w, https:\/\/www.editionsfou.com\/wp-content\/uploads\/2025\/07\/APPLI-BAIE-590x700.jpg 590w, https:\/\/www.editionsfou.com\/wp-content\/uploads\/2025\/07\/APPLI-BAIE-800x950.jpg 800w, https:\/\/www.editionsfou.com\/wp-content\/uploads\/2025\/07\/APPLI-BAIE-910x1080.jpg 910w, https:\/\/www.editionsfou.com\/wp-content\/uploads\/2025\/07\/APPLI-BAIE.jpg 961w\" sizes=\"auto, (max-width: 862px) 100vw, 862px\" \/>\t\t\t\t\t\t\t\t\t\t\t\t\t\t<\/div>\n\t\t\t\t\t\t<\/div>\n\t\t\t\t<\/div>\n\t\t\t\t\t\t<\/div>\n\t\t\t\t\t<\/div>\n\t\t<\/div>\n\t\t\t\t<div class=\"elementor-column elementor-col-33 elementor-top-column elementor-element elementor-element-8e01150\" data-id=\"8e01150\" data-element_type=\"column\">\n\t\t\t<div class=\"elementor-column-wrap elementor-element-populated\">\n\t\t\t\t\t\t\t<div class=\"elementor-widget-wrap\">\n\t\t\t\t\t\t<div class=\"elementor-element elementor-element-6d07430 elementor-widget elementor-widget-text-editor\" data-id=\"6d07430\" data-element_type=\"widget\" data-widget_type=\"text-editor.default\">\n\t\t\t\t<div class=\"elementor-widget-container\">\n\t\t\t\t\t\t\t\t<div class=\"elementor-text-editor elementor-clearfix\">\n\t\t\t\t<p><font face=\"Times\"><span style=\"font-size: 25px;\">&#8211;&nbsp;<\/span><\/font>A practical application available for free on AppStore and Google Play.<\/p>\n<p><span style=\"font-family: Times; font-size: 25px; color: inherit; font-style: inherit; font-weight: inherit;\">&#8211;&nbsp;<\/span>A direct access to the good addresses of the Pays d&#8217;Auge and the Bay of Mont-Saint-Michel.<\/p>\n<p><span style=\"font-family: Times; font-size: 25px; color: inherit; font-style: inherit; font-weight: inherit;\">&#8211;&nbsp;<\/span>A simple and intuitive navigation.<\/p>\n<p><span style=\"font-family: Times; font-size: 25px; color: inherit; font-style: inherit; font-weight: inherit;\">&#8211;&nbsp;<\/span>A selection by filter for a choice by heading :<br>STAY &#8211; EAT &amp; DRINK &#8211; DISCOVER &#8211; LIVE<\/p>\n<p><span style=\"font-family: Times; font-size: 25px; color: inherit; font-style: inherit; font-weight: inherit;\">&#8211;&nbsp;<\/span>An interactive map with a GPS function for direct access to the destination of your choice.<\/p>\t\t\t\t\t<\/div>\n\t\t\t\t\t\t<\/div>\n\t\t\t\t<\/div>\n\t\t\t\t<section class=\"elementor-section elementor-inner-section elementor-element elementor-element-33d6b1a elementor-section-full_width fdownload elementor-section-height-default elementor-section-height-default\" data-id=\"33d6b1a\" data-element_type=\"section\">\n\t\t\t\t\t\t<div class=\"elementor-container elementor-column-gap-no\">\n\t\t\t\t\t\t\t<div class=\"elementor-row\">\n\t\t\t\t\t<div class=\"elementor-column elementor-col-50 elementor-inner-column elementor-element elementor-element-5a9c3e0\" data-id=\"5a9c3e0\" data-element_type=\"column\">\n\t\t\t<div class=\"elementor-column-wrap elementor-element-populated\">\n\t\t\t\t\t\t\t<div class=\"elementor-widget-wrap\">\n\t\t\t\t\t\t<div class=\"elementor-element elementor-element-a4b28f9 elementor-widget elementor-widget-image\" data-id=\"a4b28f9\" data-element_type=\"widget\" data-widget_type=\"image.default\">\n\t\t\t\t<div class=\"elementor-widget-container\">\n\t\t\t\t\t\t\t\t<div class=\"elementor-image\">\n\t\t\t\t\t\t\t\t\t\t\t\t\t<a href=\"https:\/\/apps.apple.com\/ph\/app\/fou-editions\/id1635299800\" target=\"_blank\">\n\t\t\t\t\t\t\t<img loading=\"lazy\" decoding=\"async\" width=\"282\" height=\"95\" src=\"https:\/\/www.editionsfou.com\/wp-content\/uploads\/2022\/08\/ios2.png\" class=\"attachment-large size-large\" alt=\"\" srcset=\"https:\/\/www.editionsfou.com\/wp-content\/uploads\/2022\/08\/ios2.png 282w, https:\/\/www.editionsfou.com\/wp-content\/uploads\/2022\/08\/ios2-237x80.png 237w\" sizes=\"auto, (max-width: 282px) 100vw, 282px\" \/>\t\t\t\t\t\t\t\t<\/a>\n\t\t\t\t\t\t\t\t\t\t\t\t\t\t<\/div>\n\t\t\t\t\t\t<\/div>\n\t\t\t\t<\/div>\n\t\t\t\t\t\t<\/div>\n\t\t\t\t\t<\/div>\n\t\t<\/div>\n\t\t\t\t<div class=\"elementor-column elementor-col-50 elementor-inner-column elementor-element elementor-element-53c6235\" data-id=\"53c6235\" data-element_type=\"column\">\n\t\t\t<div class=\"elementor-column-wrap elementor-element-populated\">\n\t\t\t\t\t\t\t<div class=\"elementor-widget-wrap\">\n\t\t\t\t\t\t<div class=\"elementor-element elementor-element-190551d elementor-widget elementor-widget-image\" data-id=\"190551d\" data-element_type=\"widget\" data-widget_type=\"image.default\">\n\t\t\t\t<div class=\"elementor-widget-container\">\n\t\t\t\t\t\t\t\t<div class=\"elementor-image\">\n\t\t\t\t\t\t\t\t\t\t\t\t\t<a href=\"https:\/\/play.google.com\/store\/apps\/details?id=com.fou.editions&#038;hl=fr&#038;gl=US\" target=\"_blank\">\n\t\t\t\t\t\t\t<img loading=\"lazy\" decoding=\"async\" width=\"282\" height=\"95\" src=\"https:\/\/www.editionsfou.com\/wp-content\/uploads\/2022\/08\/android2.png\" class=\"attachment-large size-large\" alt=\"\" srcset=\"https:\/\/www.editionsfou.com\/wp-content\/uploads\/2022\/08\/android2.png 282w, https:\/\/www.editionsfou.com\/wp-content\/uploads\/2022\/08\/android2-237x80.png 237w\" sizes=\"auto, (max-width: 282px) 100vw, 282px\" \/>\t\t\t\t\t\t\t\t<\/a>\n\t\t\t\t\t\t\t\t\t\t\t\t\t\t<\/div>\n\t\t\t\t\t\t<\/div>\n\t\t\t\t<\/div>\n\t\t\t\t\t\t<\/div>\n\t\t\t\t\t<\/div>\n\t\t<\/div>\n\t\t\t\t\t\t\t\t<\/div>\n\t\t\t\t\t<\/div>\n\t\t<\/section>\n\t\t\t\t\t\t<\/div>\n\t\t\t\t\t<\/div>\n\t\t<\/div>\n\t\t\t\t<div class=\"elementor-column elementor-col-33 elementor-top-column elementor-element elementor-element-dd0db44\" data-id=\"dd0db44\" data-element_type=\"column\">\n\t\t\t<div class=\"elementor-column-wrap elementor-element-populated\">\n\t\t\t\t\t\t\t<div class=\"elementor-widget-wrap\">\n\t\t\t\t\t\t<div class=\"elementor-element elementor-element-6f3de05 elementor-widget elementor-widget-image\" data-id=\"6f3de05\" data-element_type=\"widget\" data-widget_type=\"image.default\">\n\t\t\t\t<div class=\"elementor-widget-container\">\n\t\t\t\t\t\t\t\t<div class=\"elementor-image\">\n\t\t\t\t\t\t\t\t\t\t\t\t<img loading=\"lazy\" decoding=\"async\" width=\"862\" height=\"1024\" src=\"https:\/\/www.editionsfou.com\/wp-content\/uploads\/2025\/06\/Telechargez-lapplication-FOU-Magazine-862x1024.jpg\" class=\"attachment-large size-large\" alt=\"\" srcset=\"https:\/\/www.editionsfou.com\/wp-content\/uploads\/2025\/06\/Telechargez-lapplication-FOU-Magazine-862x1024.jpg 862w, https:\/\/www.editionsfou.com\/wp-content\/uploads\/2025\/06\/Telechargez-lapplication-FOU-Magazine-253x300.jpg 253w, https:\/\/www.editionsfou.com\/wp-content\/uploads\/2025\/06\/Telechargez-lapplication-FOU-Magazine-768x912.jpg 768w, https:\/\/www.editionsfou.com\/wp-content\/uploads\/2025\/06\/Telechargez-lapplication-FOU-Magazine-1293x1536.jpg 1293w, https:\/\/www.editionsfou.com\/wp-content\/uploads\/2025\/06\/Telechargez-lapplication-FOU-Magazine-84x100.jpg 84w, https:\/\/www.editionsfou.com\/wp-content\/uploads\/2025\/06\/Telechargez-lapplication-FOU-Magazine-67x80.jpg 67w, https:\/\/www.editionsfou.com\/wp-content\/uploads\/2025\/06\/Telechargez-lapplication-FOU-Magazine-255x303.jpg 255w, https:\/\/www.editionsfou.com\/wp-content\/uploads\/2025\/06\/Telechargez-lapplication-FOU-Magazine-589x700.jpg 589w, https:\/\/www.editionsfou.com\/wp-content\/uploads\/2025\/06\/Telechargez-lapplication-FOU-Magazine-800x950.jpg 800w, https:\/\/www.editionsfou.com\/wp-content\/uploads\/2025\/06\/Telechargez-lapplication-FOU-Magazine-909x1080.jpg 909w, https:\/\/www.editionsfou.com\/wp-content\/uploads\/2025\/06\/Telechargez-lapplication-FOU-Magazine.jpg 1418w\" sizes=\"auto, (max-width: 862px) 100vw, 862px\" \/>\t\t\t\t\t\t\t\t\t\t\t\t\t\t<\/div>\n\t\t\t\t\t\t<\/div>\n\t\t\t\t<\/div>\n\t\t\t\t\t\t<\/div>\n\t\t\t\t\t<\/div>\n\t\t<\/div>\n\t\t\t\t\t\t\t\t<\/div>\n\t\t\t\t\t<\/div>\n\t\t<\/section>\n\t\t\t\t\t\t\t\t\t<\/div>\n\t\t\t<\/div>\n\t\t\t\t\t<\/div>\n\t\t","protected":false},"excerpt":{"rendered":"<p>Download the app Slide Title Slide Content Button Text Download our free application and let yourself be guided&#8230; &#8211;&nbsp;A practical application available for free on AppStore and Google Play. &#8211;&nbsp;A direct access to the good addresses of the Pays d&#8217;Auge &hellip; <a href=\"https:\/\/www.editionsfou.com\/en\/download-the-app\/\">Read More<\/a><\/p>\n","protected":false},"author":1,"featured_media":0,"parent":0,"menu_order":12,"comment_status":"closed","ping_status":"closed","template":"","meta":{"footnotes":""},"class_list":["post-1439","page","type-page","status-publish","hentry"],"yoast_head":"<!-- This site is optimized with the Yoast SEO plugin v27.3 - https:\/\/yoast.com\/product\/yoast-seo-wordpress\/ -->\n<title>Download the FOU ! editions lifestyle magazine application<\/title>\n<meta name=\"description\" content=\"Download our application FOU ! Editions and access directly to all the good addresses in Normandy in the Pays d&#039;Auge and the Mont-Saint-Michel Bay\" \/>\n<meta name=\"robots\" content=\"index, follow, max-snippet:-1, max-image-preview:large, max-video-preview:-1\" \/>\n<link rel=\"canonical\" href=\"https:\/\/www.editionsfou.com\/en\/download-the-app\/\" \/>\n<meta property=\"og:locale\" content=\"en_US\" \/>\n<meta property=\"og:type\" content=\"article\" \/>\n<meta property=\"og:title\" content=\"Download the FOU ! editions lifestyle magazine application\" \/>\n<meta property=\"og:description\" content=\"Download our application FOU ! Editions and access directly to all the good addresses in Normandy in the Pays d&#039;Auge and the Mont-Saint-Michel Bay\" \/>\n<meta property=\"og:url\" content=\"https:\/\/www.editionsfou.com\/en\/download-the-app\/\" \/>\n<meta property=\"og:site_name\" content=\"FOU ! Editions\" \/>\n<meta property=\"article:modified_time\" content=\"2025-09-23T09:59:44+00:00\" \/>\n<meta property=\"og:image\" content=\"https:\/\/www.editionsfou.com\/wp-content\/uploads\/2022\/07\/barre2.svg\" \/>\n<meta name=\"twitter:card\" content=\"summary_large_image\" \/>\n<meta name=\"twitter:label1\" content=\"Est. reading time\" \/>\n\t<meta name=\"twitter:data1\" content=\"2 minutes\" \/>\n<script type=\"application\/ld+json\" class=\"yoast-schema-graph\">{\"@context\":\"https:\\\/\\\/schema.org\",\"@graph\":[{\"@type\":\"WebPage\",\"@id\":\"https:\\\/\\\/www.editionsfou.com\\\/en\\\/download-the-app\\\/\",\"url\":\"https:\\\/\\\/www.editionsfou.com\\\/en\\\/download-the-app\\\/\",\"name\":\"Download the FOU ! editions lifestyle magazine application\",\"isPartOf\":{\"@id\":\"https:\\\/\\\/www.editionsfou.com\\\/en\\\/#website\"},\"primaryImageOfPage\":{\"@id\":\"https:\\\/\\\/www.editionsfou.com\\\/en\\\/download-the-app\\\/#primaryimage\"},\"image\":{\"@id\":\"https:\\\/\\\/www.editionsfou.com\\\/en\\\/download-the-app\\\/#primaryimage\"},\"thumbnailUrl\":\"https:\\\/\\\/www.editionsfou.com\\\/wp-content\\\/uploads\\\/2022\\\/07\\\/barre2.svg\",\"datePublished\":\"2022-08-12T05:00:17+00:00\",\"dateModified\":\"2025-09-23T09:59:44+00:00\",\"description\":\"Download our application FOU ! Editions and access directly to all the good addresses in Normandy in the Pays d'Auge and the Mont-Saint-Michel Bay\",\"breadcrumb\":{\"@id\":\"https:\\\/\\\/www.editionsfou.com\\\/en\\\/download-the-app\\\/#breadcrumb\"},\"inLanguage\":\"en-US\",\"potentialAction\":[{\"@type\":\"ReadAction\",\"target\":[\"https:\\\/\\\/www.editionsfou.com\\\/en\\\/download-the-app\\\/\"]}]},{\"@type\":\"ImageObject\",\"inLanguage\":\"en-US\",\"@id\":\"https:\\\/\\\/www.editionsfou.com\\\/en\\\/download-the-app\\\/#primaryimage\",\"url\":\"https:\\\/\\\/www.editionsfou.com\\\/wp-content\\\/uploads\\\/2022\\\/07\\\/barre2.svg\",\"contentUrl\":\"https:\\\/\\\/www.editionsfou.com\\\/wp-content\\\/uploads\\\/2022\\\/07\\\/barre2.svg\"},{\"@type\":\"BreadcrumbList\",\"@id\":\"https:\\\/\\\/www.editionsfou.com\\\/en\\\/download-the-app\\\/#breadcrumb\",\"itemListElement\":[{\"@type\":\"ListItem\",\"position\":1,\"name\":\"Accueil\",\"item\":\"https:\\\/\\\/www.editionsfou.com\\\/en\\\/\"},{\"@type\":\"ListItem\",\"position\":2,\"name\":\"Download the app\"}]},{\"@type\":\"WebSite\",\"@id\":\"https:\\\/\\\/www.editionsfou.com\\\/en\\\/#website\",\"url\":\"https:\\\/\\\/www.editionsfou.com\\\/en\\\/\",\"name\":\"FOU ! Editions\",\"description\":\"Rencontre d&#039;acteurs un peu fous, cr\u00e9atifs, sinc\u00e8res et passionn\u00e9s\",\"potentialAction\":[{\"@type\":\"SearchAction\",\"target\":{\"@type\":\"EntryPoint\",\"urlTemplate\":\"https:\\\/\\\/www.editionsfou.com\\\/en\\\/?s={search_term_string}\"},\"query-input\":{\"@type\":\"PropertyValueSpecification\",\"valueRequired\":true,\"valueName\":\"search_term_string\"}}],\"inLanguage\":\"en-US\"}]}<\/script>\n<!-- \/ Yoast SEO plugin. -->","yoast_head_json":{"title":"Download the FOU ! editions lifestyle magazine application","description":"Download our application FOU ! Editions and access directly to all the good addresses in Normandy in the Pays d'Auge and the Mont-Saint-Michel Bay","robots":{"index":"index","follow":"follow","max-snippet":"max-snippet:-1","max-image-preview":"max-image-preview:large","max-video-preview":"max-video-preview:-1"},"canonical":"https:\/\/www.editionsfou.com\/en\/download-the-app\/","og_locale":"en_US","og_type":"article","og_title":"Download the FOU ! editions lifestyle magazine application","og_description":"Download our application FOU ! Editions and access directly to all the good addresses in Normandy in the Pays d'Auge and the Mont-Saint-Michel Bay","og_url":"https:\/\/www.editionsfou.com\/en\/download-the-app\/","og_site_name":"FOU ! Editions","article_modified_time":"2025-09-23T09:59:44+00:00","og_image":[{"url":"https:\/\/www.editionsfou.com\/wp-content\/uploads\/2022\/07\/barre2.svg","type":"","width":"","height":""}],"twitter_card":"summary_large_image","twitter_misc":{"Est. reading time":"2 minutes"},"schema":{"@context":"https:\/\/schema.org","@graph":[{"@type":"WebPage","@id":"https:\/\/www.editionsfou.com\/en\/download-the-app\/","url":"https:\/\/www.editionsfou.com\/en\/download-the-app\/","name":"Download the FOU ! editions lifestyle magazine application","isPartOf":{"@id":"https:\/\/www.editionsfou.com\/en\/#website"},"primaryImageOfPage":{"@id":"https:\/\/www.editionsfou.com\/en\/download-the-app\/#primaryimage"},"image":{"@id":"https:\/\/www.editionsfou.com\/en\/download-the-app\/#primaryimage"},"thumbnailUrl":"https:\/\/www.editionsfou.com\/wp-content\/uploads\/2022\/07\/barre2.svg","datePublished":"2022-08-12T05:00:17+00:00","dateModified":"2025-09-23T09:59:44+00:00","description":"Download our application FOU ! Editions and access directly to all the good addresses in Normandy in the Pays d'Auge and the Mont-Saint-Michel Bay","breadcrumb":{"@id":"https:\/\/www.editionsfou.com\/en\/download-the-app\/#breadcrumb"},"inLanguage":"en-US","potentialAction":[{"@type":"ReadAction","target":["https:\/\/www.editionsfou.com\/en\/download-the-app\/"]}]},{"@type":"ImageObject","inLanguage":"en-US","@id":"https:\/\/www.editionsfou.com\/en\/download-the-app\/#primaryimage","url":"https:\/\/www.editionsfou.com\/wp-content\/uploads\/2022\/07\/barre2.svg","contentUrl":"https:\/\/www.editionsfou.com\/wp-content\/uploads\/2022\/07\/barre2.svg"},{"@type":"BreadcrumbList","@id":"https:\/\/www.editionsfou.com\/en\/download-the-app\/#breadcrumb","itemListElement":[{"@type":"ListItem","position":1,"name":"Accueil","item":"https:\/\/www.editionsfou.com\/en\/"},{"@type":"ListItem","position":2,"name":"Download the app"}]},{"@type":"WebSite","@id":"https:\/\/www.editionsfou.com\/en\/#website","url":"https:\/\/www.editionsfou.com\/en\/","name":"FOU ! Editions","description":"Rencontre d&#039;acteurs un peu fous, cr\u00e9atifs, sinc\u00e8res et passionn\u00e9s","potentialAction":[{"@type":"SearchAction","target":{"@type":"EntryPoint","urlTemplate":"https:\/\/www.editionsfou.com\/en\/?s={search_term_string}"},"query-input":{"@type":"PropertyValueSpecification","valueRequired":true,"valueName":"search_term_string"}}],"inLanguage":"en-US"}]}},"_links":{"self":[{"href":"https:\/\/www.editionsfou.com\/en\/wp-json\/wp\/v2\/pages\/1439","targetHints":{"allow":["GET"]}}],"collection":[{"href":"https:\/\/www.editionsfou.com\/en\/wp-json\/wp\/v2\/pages"}],"about":[{"href":"https:\/\/www.editionsfou.com\/en\/wp-json\/wp\/v2\/types\/page"}],"author":[{"embeddable":true,"href":"https:\/\/www.editionsfou.com\/en\/wp-json\/wp\/v2\/users\/1"}],"replies":[{"embeddable":true,"href":"https:\/\/www.editionsfou.com\/en\/wp-json\/wp\/v2\/comments?post=1439"}],"version-history":[{"count":44,"href":"https:\/\/www.editionsfou.com\/en\/wp-json\/wp\/v2\/pages\/1439\/revisions"}],"predecessor-version":[{"id":2963,"href":"https:\/\/www.editionsfou.com\/en\/wp-json\/wp\/v2\/pages\/1439\/revisions\/2963"}],"wp:attachment":[{"href":"https:\/\/www.editionsfou.com\/en\/wp-json\/wp\/v2\/media?parent=1439"}],"curies":[{"name":"wp","href":"https:\/\/api.w.org\/{rel}","templated":true}]}}