{"id":1437,"date":"2022-08-12T07:00:53","date_gmt":"2022-08-12T05:00:53","guid":{"rendered":"https:\/\/www.editionsfou.com\/nous-contacter\/"},"modified":"2022-08-23T18:42:42","modified_gmt":"2022-08-23T16:42:42","slug":"contact-us","status":"publish","type":"page","link":"https:\/\/www.editionsfou.com\/en\/contact-us\/","title":{"rendered":"Contact us"},"content":{"rendered":"\t\t<div data-elementor-type=\"wp-page\" data-elementor-id=\"1437\" class=\"elementor elementor-1437 elementor-756\">\n\t\t\t\t\t\t<div class=\"elementor-inner\">\n\t\t\t\t<div class=\"elementor-section-wrap\">\n\t\t\t\t\t\t\t\t\t<section class=\"elementor-section elementor-top-section elementor-element elementor-element-3432055 elementor-section-full_width elementor-section-height-default elementor-section-height-default\" data-id=\"3432055\" data-element_type=\"section\">\n\t\t\t\t\t\t<div class=\"elementor-container elementor-column-gap-no\">\n\t\t\t\t\t\t\t<div class=\"elementor-row\">\n\t\t\t\t\t<div class=\"elementor-column elementor-col-100 elementor-top-column elementor-element elementor-element-f3e9c66\" data-id=\"f3e9c66\" data-element_type=\"column\">\n\t\t\t<div class=\"elementor-column-wrap elementor-element-populated\">\n\t\t\t\t\t\t\t<div class=\"elementor-widget-wrap\">\n\t\t\t\t\t\t<div class=\"elementor-element elementor-element-27fc6d3 elementor-widget__width-inherit elementor-widget elementor-widget-themo-slider\" data-id=\"27fc6d3\" data-element_type=\"widget\" data-widget_type=\"themo-slider.default\">\n\t\t\t\t<div class=\"elementor-widget-container\">\n\t\t\t\n\t\t<div id=\"main-flex-slider\" class=\"flexslider\">\n\t\t\t<ul class=\"slides\">\n\t\t\t\t\n                    \n                    \n\t\t\t\t\t\t\t\t\t\t                    \n                    <li class=\"elementor-repeater-item-f180d36\">\n\t\t\t\t\t\t<div class=\"slider-bg slide-cal-center \">\n                            <div class=\"th-slide-wrap th-slider-overlay has-image-bg\">\n                                <div class=\"th-slide-inner  th-centered\">\n                                    <div class=\"th-slide-content\">\n                                                                                    <h1 class=\"slider-title\">Contact us<\/h1>\n                                        \n                                                                                \n                                        \n                                                                                                                                                                            \n                                            <div><\/div>                                                                            <\/div>\n                                <\/div>\n\t\t\t\t\t\t\t<\/div>\n\t\t\t\t\t\t<\/div>\n\t\t\t\t\t<\/li>\n\t\t\t\t\t\t\t<\/ul>\n\n\t\t\t\t\t<\/div>\n\n\t\t<script>\n\t\t\tjQuery( function ( $ ) {\n\n\t\t\t\tthemo_start_flex_slider(\n\t\t\t\t\t'.flexslider',\n                    false,\n\t\t\t\t\t'fade',\n\t\t\t\t\t'swing',\n\t\t\t\t\ttrue,\n\t\t\t\t\ttrue,\n\t\t\t\t\t4000,\n\t\t\t\t\t550,\n\t\t\t\t\tfalse,\n\t\t\t\t\ttrue,\n\t\t\t\t\ttrue,\n\t\t\t\t\ttrue,\n\t\t\t\t\ttrue\t\t\t\t);\n\t\t\t} );\n\t\t<\/script>\n\t\t\t\t<\/div>\n\t\t\t\t<\/div>\n\t\t\t\t\t\t<\/div>\n\t\t\t\t\t<\/div>\n\t\t<\/div>\n\t\t\t\t\t\t\t\t<\/div>\n\t\t\t\t\t<\/div>\n\t\t<\/section>\n\t\t\t\t<section class=\"elementor-section elementor-top-section elementor-element elementor-element-21c4321 elementor-section-boxed elementor-section-height-default elementor-section-height-default\" data-id=\"21c4321\" data-element_type=\"section\">\n\t\t\t\t\t\t<div class=\"elementor-container elementor-column-gap-default\">\n\t\t\t\t\t\t\t<div class=\"elementor-row\">\n\t\t\t\t\t<div class=\"elementor-column elementor-col-100 elementor-top-column elementor-element elementor-element-29cfc76\" data-id=\"29cfc76\" data-element_type=\"column\">\n\t\t\t<div class=\"elementor-column-wrap elementor-element-populated\">\n\t\t\t\t\t\t\t<div class=\"elementor-widget-wrap\">\n\t\t\t\t\t\t<div class=\"elementor-element elementor-element-2346d23 elementor-widget elementor-widget-image\" data-id=\"2346d23\" data-element_type=\"widget\" data-widget_type=\"image.default\">\n\t\t\t\t<div class=\"elementor-widget-container\">\n\t\t\t\t\t\t\t\t<div class=\"elementor-image\">\n\t\t\t\t\t\t\t\t\t\t\t\t<img loading=\"lazy\" decoding=\"async\" width=\"465\" height=\"7\" src=\"https:\/\/www.editionsfou.com\/wp-content\/uploads\/2022\/07\/barre2.svg\" class=\"attachment-large size-large\" alt=\"\" \/>\t\t\t\t\t\t\t\t\t\t\t\t\t\t<\/div>\n\t\t\t\t\t\t<\/div>\n\t\t\t\t<\/div>\n\t\t\t\t\t\t<\/div>\n\t\t\t\t\t<\/div>\n\t\t<\/div>\n\t\t\t\t\t\t\t\t<\/div>\n\t\t\t\t\t<\/div>\n\t\t<\/section>\n\t\t\t\t<section class=\"elementor-section elementor-top-section elementor-element elementor-element-4516fee elementor-section-boxed elementor-section-height-default elementor-section-height-default\" data-id=\"4516fee\" data-element_type=\"section\">\n\t\t\t\t\t\t<div class=\"elementor-container elementor-column-gap-default\">\n\t\t\t\t\t\t\t<div class=\"elementor-row\">\n\t\t\t\t\t<div class=\"elementor-column elementor-col-100 elementor-top-column elementor-element elementor-element-127276a\" data-id=\"127276a\" data-element_type=\"column\">\n\t\t\t<div class=\"elementor-column-wrap elementor-element-populated\">\n\t\t\t\t\t\t\t<div class=\"elementor-widget-wrap\">\n\t\t\t\t\t\t<div class=\"elementor-element elementor-element-f7c67db elementor-widget elementor-widget-heading\" data-id=\"f7c67db\" data-element_type=\"widget\" data-widget_type=\"heading.default\">\n\t\t\t\t<div class=\"elementor-widget-container\">\n\t\t\t<h3 class=\"elementor-heading-title elementor-size-default\">INFORMATION<\/h3>\t\t<\/div>\n\t\t\t\t<\/div>\n\t\t\t\t<div class=\"elementor-element elementor-element-34fea89 elementor-widget elementor-widget-heading\" data-id=\"34fea89\" data-element_type=\"widget\" data-widget_type=\"heading.default\">\n\t\t\t\t<div class=\"elementor-widget-container\">\n\t\t\t<h2 class=\"elementor-heading-title elementor-size-default\">You need information <br>\nor want to join one of our editions?<\/h2>\t\t<\/div>\n\t\t\t\t<\/div>\n\t\t\t\t<div class=\"elementor-element elementor-element-18aa928 elementor-widget elementor-widget-text-editor\" data-id=\"18aa928\" data-element_type=\"widget\" data-widget_type=\"text-editor.default\">\n\t\t\t\t<div class=\"elementor-widget-container\">\n\t\t\t\t\t\t\t\t<div class=\"elementor-text-editor elementor-clearfix\">\n\t\t\t\t<p>Normandy is an authentic and preserved territory that symbolizes a whole art of living.<\/p><p>Through our editions <strong>FOU ! Pays d&#8217;Auge<\/strong> and <strong>FOU ! The Mont-Saint-Michel Bay<\/strong>, we wish to make you discover the emblematic, benevolent and passionate actors of our territory, who contribute to valorize a little more each day our beautiful region. Our wish is to share with you the good addresses that you dream of finding a few steps from your home or when you are visiting Normandy in the Pays d&#8217;Auge or the Bay of Mont-Saint-Michel.<\/p><p>If you want to know more about our crazy adventure and join us, then leave us your details and your message via our form and we will be happy to contact you to satisfy your curiosity and answer your questions.<\/p>\t\t\t\t\t<\/div>\n\t\t\t\t\t\t<\/div>\n\t\t\t\t<\/div>\n\t\t\t\t<div class=\"elementor-element elementor-element-1b162a8 elementor-widget elementor-widget-themo-formidable-form\" data-id=\"1b162a8\" data-element_type=\"widget\" data-widget_type=\"themo-formidable-form.default\">\n\t\t\t\t<div class=\"elementor-widget-container\">\n\t\t\t            <div class=\"th-fo-form  th-left th-form-default  th-btn-form btn-standard-primary-form\"><div class=\"frm_forms  with_frm_style frm_style_formidable-style\" id=\"frm_form_10_container\" >\n<form enctype=\"multipart\/form-data\" method=\"post\" class=\"frm-show-form \" id=\"form_contact33\" >\n<div class=\"frm_form_fields \">\n<fieldset>\n\r\n<div class=\"frm_fields_container\">\n<input type=\"hidden\" name=\"frm_action\" value=\"create\" \/>\n<input type=\"hidden\" name=\"form_id\" value=\"10\" \/>\n<input type=\"hidden\" name=\"frm_hide_fields_10\" id=\"frm_hide_fields_10\" value=\"\" \/>\n<input type=\"hidden\" name=\"form_key\" value=\"contact33\" \/>\n<input type=\"hidden\" name=\"item_meta[0]\" value=\"\" \/>\n<input type=\"hidden\" id=\"frm_submit_entry_10\" name=\"frm_submit_entry_10\" value=\"00fe47c3c3\" \/><input type=\"hidden\" name=\"_wp_http_referer\" value=\"\/en\/wp-json\/wp\/v2\/pages\/1437\" \/><div id=\"frm_field_52_container\" class=\"frm_form_field  frm12 frm_first frm_html_container form-field\"><span class=\"ftitle\">Please complete the form below :<\/span><\/div>\n<div id=\"frm_field_53_container\" class=\"frm_form_field form-field  frm_top_container frm_full\">\r\n    <label for=\"field_raison2\" class=\"frm_primary_label\">Company name\r\n        <span class=\"frm_required\"><\/span>\r\n    <\/label>\r\n    <input type=\"text\" id=\"field_raison2\" name=\"item_meta[53]\" value=\"\"  data-invmsg=\"Subject est non valide\" aria-invalid=\"false\"  \/>\r\n    \r\n    \r\n<\/div>\n<div id=\"frm_field_54_container\" class=\"frm_form_field form-field  frm_required_field frm_top_container frm6 frm_first\">\r\n    <label for=\"field_prenom2\" class=\"frm_primary_label\">Firstname\r\n        <span class=\"frm_required\">*<\/span>\r\n    <\/label>\r\n    <input type=\"text\" id=\"field_prenom2\" name=\"item_meta[54]\" value=\"\"  data-reqmsg=\"Firstname is mandatory\" aria-required=\"true\" data-invmsg=\"Name est non valide\" aria-invalid=\"false\"  \/>\r\n    \r\n    \r\n<\/div>\n<div id=\"frm_field_55_container\" class=\"frm_form_field form-field  frm_required_field frm_top_container frm6\">\r\n    <label for=\"field_nom2\" class=\"frm_primary_label\">Lastname\r\n        <span class=\"frm_required\">*<\/span>\r\n    <\/label>\r\n    <input type=\"text\" id=\"field_nom2\" name=\"item_meta[55]\" value=\"\"  data-reqmsg=\"Lastname is mandatory\" aria-required=\"true\" data-invmsg=\"Name est non valide\" aria-invalid=\"false\"  \/>\r\n    \r\n    \r\n<\/div>\n<div id=\"frm_field_56_container\" class=\"frm_form_field form-field  frm_required_field frm_top_container frm6 frm_first\">\r\n    <label for=\"field_jaehy833\" class=\"frm_primary_label\">Email\r\n        <span class=\"frm_required\">*<\/span>\r\n    <\/label>\r\n    <input type=\"text\" id=\"field_jaehy833\" name=\"item_meta[56]\" value=\"\"  data-reqmsg=\"Email is mandatory\" aria-required=\"true\" data-invmsg=\"Email est non valide\" aria-invalid=\"false\"  \/>\r\n    \r\n    \r\n<\/div>\n<div id=\"frm_field_57_container\" class=\"frm_form_field form-field  frm_required_field frm_top_container frm6\">\r\n    <label for=\"field_telephone2\" class=\"frm_primary_label\">Phone\r\n        <span class=\"frm_required\">*<\/span>\r\n    <\/label>\r\n    <input type=\"text\" id=\"field_telephone2\" name=\"item_meta[57]\" value=\"\"  data-reqmsg=\"Phone is mandatory\" aria-required=\"true\" data-invmsg=\"Phone est non valide\" aria-invalid=\"false\"  \/>\r\n    \r\n    \r\n<\/div>\n<div id=\"frm_field_58_container\" class=\"frm_form_field form-field  frm_top_container fcheck vertical_radio\">\r\n    <div  id=\"field_edition2_label\" class=\"frm_primary_label\">Related edition :\r\n        <span class=\"frm_required\" aria-hidden=\"true\"><\/span>\r\n    <\/div>\r\n    <div class=\"frm_opt_container\" aria-labelledby=\"field_edition2_label\" role=\"group\">\t\t<div class=\"frm_checkbox\" id=\"frm_checkbox_58-0\">\t\t\t<label  for=\"field_edition2-0\">\n\t\t\t<input type=\"checkbox\" name=\"item_meta[58][]\" id=\"field_edition2-0\" value=\"Fou! pays d\u2019Auge\"  data-invmsg=\"Related edition : is invalid\"   \/> Fou! pays d\u2019Auge<\/label><\/div>\n\t\t<div class=\"frm_checkbox\" id=\"frm_checkbox_58-1\">\t\t\t<label  for=\"field_edition2-1\">\n\t\t\t<input type=\"checkbox\" name=\"item_meta[58][]\" id=\"field_edition2-1\" value=\"Fou! The Mont Saint Michel Bay\"  data-invmsg=\"Related edition : is invalid\"   \/> Fou! The Mont Saint Michel Bay<\/label><\/div>\n<\/div>\r\n    \r\n    \r\n<\/div>\n<div id=\"frm_field_59_container\" class=\"frm_form_field form-field  frm_required_field frm_top_container frm_full\">\r\n    <label for=\"field_sujet2\" class=\"frm_primary_label\">Subject\r\n        <span class=\"frm_required\">*<\/span>\r\n    <\/label>\r\n    <input type=\"text\" id=\"field_sujet2\" name=\"item_meta[59]\" value=\"\"  data-reqmsg=\"Subject is mandatory\" aria-required=\"true\" data-invmsg=\"Subject est non valide\" aria-invalid=\"false\"  \/>\r\n    \r\n    \r\n<\/div>\n<div id=\"frm_field_60_container\" class=\"frm_form_field form-field  frm_required_field frm_top_container frm_full\">\r\n    <label for=\"field_message2\" class=\"frm_primary_label\">Message\r\n        <span class=\"frm_required\">*<\/span>\r\n    <\/label>\r\n    <textarea name=\"item_meta[60]\" id=\"field_message2\" rows=\"5\"  data-reqmsg=\"Message is mandatory\" aria-required=\"true\" data-invmsg=\"Message is invalid\" aria-invalid=\"false\"  ><\/textarea>\r\n    \r\n    \r\n<\/div>\n<div id=\"frm_field_61_container\" class=\"frm_form_field form-field  frm_none_container\">\r\n    <label for=\"cf-turnstile-response\" id=\"field_s3twl2_label\" class=\"frm_primary_label\">reCAPTCHA\r\n        <span class=\"frm_required\" aria-hidden=\"true\"><\/span>\r\n    <\/label>\r\n    <div  id=\"field_s3twl2\" class=\"frm-cf-turnstile\" data-sitekey=\"0x4AAAAAAB4o6-pHgr0jb9E5\" data-language=\"en-US\" data-size=\"normal\" data-theme=\"light\"><\/div>\r\n    \r\n    \r\n<\/div>\n\t<input type=\"hidden\" name=\"item_key\" value=\"\" \/>\n\t\t\t<div id=\"frm_field_62_container\">\n\t\t\t<label for=\"field_gdt8t\" >\n\t\t\t\tIf you are human, leave this field blank.\t\t\t<\/label>\n\t\t\t<input  id=\"field_gdt8t\" type=\"text\" class=\"frm_form_field form-field frm_verify\" name=\"item_meta[62]\" value=\"\"  \/>\n\t\t<\/div>\n\t\t<input name=\"frm_state\" type=\"hidden\" value=\"+Dj7OzdrYJPP9tiVlxGmLy4\/VnTa+NMadQg7DzJAVU0=\" \/><div class=\"frm_submit\">\r\n\r\n<input type=\"submit\" value=\"SEND\"  \/>\r\n<img decoding=\"async\" class=\"frm_ajax_loading\" src=\"https:\/\/www.editionsfou.com\/wp-content\/plugins\/formidable\/images\/ajax_loader.gif\" alt=\"Sending\" style=\"visibility:hidden;\" \/>\r\n\r\n<\/div><\/div>\n<\/fieldset>\n<\/div>\n\n<\/form>\n<\/div>\n<\/div>\n            \t\t<\/div>\n\t\t\t\t<\/div>\n\t\t\t\t\t\t<\/div>\n\t\t\t\t\t<\/div>\n\t\t<\/div>\n\t\t\t\t\t\t\t\t<\/div>\n\t\t\t\t\t<\/div>\n\t\t<\/section>\n\t\t\t\t\t\t\t\t\t<\/div>\n\t\t\t<\/div>\n\t\t\t\t\t<\/div>\n\t\t","protected":false},"excerpt":{"rendered":"<p>Contact us INFORMATION You need information or want to join one of our editions? Normandy is an authentic and preserved territory that symbolizes a whole art of living. Through our editions FOU ! Pays d&#8217;Auge and FOU ! The Mont-Saint-Michel &hellip; <a href=\"https:\/\/www.editionsfou.com\/en\/contact-us\/\">Read More<\/a><\/p>\n","protected":false},"author":1,"featured_media":0,"parent":0,"menu_order":10,"comment_status":"closed","ping_status":"closed","template":"","meta":{"footnotes":""},"class_list":["post-1437","page","type-page","status-publish","hentry"],"yoast_head":"<!-- This site is optimized with the Yoast SEO plugin v27.3 - https:\/\/yoast.com\/product\/yoast-seo-wordpress\/ -->\n<title>Contact FOU ! \u00c9ditions join our network of partners<\/title>\n<meta name=\"description\" content=\"Contact us to join FOU ! Editions. Become a partner and be among the beautiful addresses of the Pays d&#039;Auge or the Mont-Saint-Michel Bay.\" \/>\n<meta name=\"robots\" content=\"index, follow, max-snippet:-1, max-image-preview:large, max-video-preview:-1\" \/>\n<link rel=\"canonical\" href=\"https:\/\/www.editionsfou.com\/en\/contact-us\/\" \/>\n<meta property=\"og:locale\" content=\"en_US\" \/>\n<meta property=\"og:type\" content=\"article\" \/>\n<meta property=\"og:title\" content=\"Contact FOU ! \u00c9ditions join our network of partners\" \/>\n<meta property=\"og:description\" content=\"Contact us to join FOU ! Editions. Become a partner and be among the beautiful addresses of the Pays d&#039;Auge or the Mont-Saint-Michel Bay.\" \/>\n<meta property=\"og:url\" content=\"https:\/\/www.editionsfou.com\/en\/contact-us\/\" \/>\n<meta property=\"og:site_name\" content=\"FOU ! Editions\" \/>\n<meta property=\"article:modified_time\" content=\"2022-08-23T16:42:42+00:00\" \/>\n<meta property=\"og:image\" content=\"https:\/\/www.editionsfou.com\/wp-content\/uploads\/2022\/07\/barre2.svg\" \/>\n<meta name=\"twitter:card\" content=\"summary_large_image\" \/>\n<meta name=\"twitter:label1\" content=\"Est. reading time\" \/>\n\t<meta name=\"twitter:data1\" content=\"2 minutes\" \/>\n<script type=\"application\/ld+json\" class=\"yoast-schema-graph\">{\"@context\":\"https:\\\/\\\/schema.org\",\"@graph\":[{\"@type\":\"WebPage\",\"@id\":\"https:\\\/\\\/www.editionsfou.com\\\/en\\\/contact-us\\\/\",\"url\":\"https:\\\/\\\/www.editionsfou.com\\\/en\\\/contact-us\\\/\",\"name\":\"Contact FOU ! \u00c9ditions join our network of partners\",\"isPartOf\":{\"@id\":\"https:\\\/\\\/www.editionsfou.com\\\/en\\\/#website\"},\"primaryImageOfPage\":{\"@id\":\"https:\\\/\\\/www.editionsfou.com\\\/en\\\/contact-us\\\/#primaryimage\"},\"image\":{\"@id\":\"https:\\\/\\\/www.editionsfou.com\\\/en\\\/contact-us\\\/#primaryimage\"},\"thumbnailUrl\":\"https:\\\/\\\/www.editionsfou.com\\\/wp-content\\\/uploads\\\/2022\\\/07\\\/barre2.svg\",\"datePublished\":\"2022-08-12T05:00:53+00:00\",\"dateModified\":\"2022-08-23T16:42:42+00:00\",\"description\":\"Contact us to join FOU ! Editions. Become a partner and be among the beautiful addresses of the Pays d'Auge or the Mont-Saint-Michel Bay.\",\"breadcrumb\":{\"@id\":\"https:\\\/\\\/www.editionsfou.com\\\/en\\\/contact-us\\\/#breadcrumb\"},\"inLanguage\":\"en-US\",\"potentialAction\":[{\"@type\":\"ReadAction\",\"target\":[\"https:\\\/\\\/www.editionsfou.com\\\/en\\\/contact-us\\\/\"]}]},{\"@type\":\"ImageObject\",\"inLanguage\":\"en-US\",\"@id\":\"https:\\\/\\\/www.editionsfou.com\\\/en\\\/contact-us\\\/#primaryimage\",\"url\":\"https:\\\/\\\/www.editionsfou.com\\\/wp-content\\\/uploads\\\/2022\\\/07\\\/barre2.svg\",\"contentUrl\":\"https:\\\/\\\/www.editionsfou.com\\\/wp-content\\\/uploads\\\/2022\\\/07\\\/barre2.svg\"},{\"@type\":\"BreadcrumbList\",\"@id\":\"https:\\\/\\\/www.editionsfou.com\\\/en\\\/contact-us\\\/#breadcrumb\",\"itemListElement\":[{\"@type\":\"ListItem\",\"position\":1,\"name\":\"Accueil\",\"item\":\"https:\\\/\\\/www.editionsfou.com\\\/en\\\/\"},{\"@type\":\"ListItem\",\"position\":2,\"name\":\"Contact us\"}]},{\"@type\":\"WebSite\",\"@id\":\"https:\\\/\\\/www.editionsfou.com\\\/en\\\/#website\",\"url\":\"https:\\\/\\\/www.editionsfou.com\\\/en\\\/\",\"name\":\"FOU ! Editions\",\"description\":\"Rencontre d&#039;acteurs un peu fous, cr\u00e9atifs, sinc\u00e8res et passionn\u00e9s\",\"potentialAction\":[{\"@type\":\"SearchAction\",\"target\":{\"@type\":\"EntryPoint\",\"urlTemplate\":\"https:\\\/\\\/www.editionsfou.com\\\/en\\\/?s={search_term_string}\"},\"query-input\":{\"@type\":\"PropertyValueSpecification\",\"valueRequired\":true,\"valueName\":\"search_term_string\"}}],\"inLanguage\":\"en-US\"}]}<\/script>\n<!-- \/ Yoast SEO plugin. -->","yoast_head_json":{"title":"Contact FOU ! \u00c9ditions join our network of partners","description":"Contact us to join FOU ! Editions. Become a partner and be among the beautiful addresses of the Pays d'Auge or the Mont-Saint-Michel Bay.","robots":{"index":"index","follow":"follow","max-snippet":"max-snippet:-1","max-image-preview":"max-image-preview:large","max-video-preview":"max-video-preview:-1"},"canonical":"https:\/\/www.editionsfou.com\/en\/contact-us\/","og_locale":"en_US","og_type":"article","og_title":"Contact FOU ! \u00c9ditions join our network of partners","og_description":"Contact us to join FOU ! Editions. Become a partner and be among the beautiful addresses of the Pays d'Auge or the Mont-Saint-Michel Bay.","og_url":"https:\/\/www.editionsfou.com\/en\/contact-us\/","og_site_name":"FOU ! Editions","article_modified_time":"2022-08-23T16:42:42+00:00","og_image":[{"url":"https:\/\/www.editionsfou.com\/wp-content\/uploads\/2022\/07\/barre2.svg","type":"","width":"","height":""}],"twitter_card":"summary_large_image","twitter_misc":{"Est. reading time":"2 minutes"},"schema":{"@context":"https:\/\/schema.org","@graph":[{"@type":"WebPage","@id":"https:\/\/www.editionsfou.com\/en\/contact-us\/","url":"https:\/\/www.editionsfou.com\/en\/contact-us\/","name":"Contact FOU ! \u00c9ditions join our network of partners","isPartOf":{"@id":"https:\/\/www.editionsfou.com\/en\/#website"},"primaryImageOfPage":{"@id":"https:\/\/www.editionsfou.com\/en\/contact-us\/#primaryimage"},"image":{"@id":"https:\/\/www.editionsfou.com\/en\/contact-us\/#primaryimage"},"thumbnailUrl":"https:\/\/www.editionsfou.com\/wp-content\/uploads\/2022\/07\/barre2.svg","datePublished":"2022-08-12T05:00:53+00:00","dateModified":"2022-08-23T16:42:42+00:00","description":"Contact us to join FOU ! Editions. Become a partner and be among the beautiful addresses of the Pays d'Auge or the Mont-Saint-Michel Bay.","breadcrumb":{"@id":"https:\/\/www.editionsfou.com\/en\/contact-us\/#breadcrumb"},"inLanguage":"en-US","potentialAction":[{"@type":"ReadAction","target":["https:\/\/www.editionsfou.com\/en\/contact-us\/"]}]},{"@type":"ImageObject","inLanguage":"en-US","@id":"https:\/\/www.editionsfou.com\/en\/contact-us\/#primaryimage","url":"https:\/\/www.editionsfou.com\/wp-content\/uploads\/2022\/07\/barre2.svg","contentUrl":"https:\/\/www.editionsfou.com\/wp-content\/uploads\/2022\/07\/barre2.svg"},{"@type":"BreadcrumbList","@id":"https:\/\/www.editionsfou.com\/en\/contact-us\/#breadcrumb","itemListElement":[{"@type":"ListItem","position":1,"name":"Accueil","item":"https:\/\/www.editionsfou.com\/en\/"},{"@type":"ListItem","position":2,"name":"Contact us"}]},{"@type":"WebSite","@id":"https:\/\/www.editionsfou.com\/en\/#website","url":"https:\/\/www.editionsfou.com\/en\/","name":"FOU ! Editions","description":"Rencontre d&#039;acteurs un peu fous, cr\u00e9atifs, sinc\u00e8res et passionn\u00e9s","potentialAction":[{"@type":"SearchAction","target":{"@type":"EntryPoint","urlTemplate":"https:\/\/www.editionsfou.com\/en\/?s={search_term_string}"},"query-input":{"@type":"PropertyValueSpecification","valueRequired":true,"valueName":"search_term_string"}}],"inLanguage":"en-US"}]}},"_links":{"self":[{"href":"https:\/\/www.editionsfou.com\/en\/wp-json\/wp\/v2\/pages\/1437","targetHints":{"allow":["GET"]}}],"collection":[{"href":"https:\/\/www.editionsfou.com\/en\/wp-json\/wp\/v2\/pages"}],"about":[{"href":"https:\/\/www.editionsfou.com\/en\/wp-json\/wp\/v2\/types\/page"}],"author":[{"embeddable":true,"href":"https:\/\/www.editionsfou.com\/en\/wp-json\/wp\/v2\/users\/1"}],"replies":[{"embeddable":true,"href":"https:\/\/www.editionsfou.com\/en\/wp-json\/wp\/v2\/comments?post=1437"}],"version-history":[{"count":27,"href":"https:\/\/www.editionsfou.com\/en\/wp-json\/wp\/v2\/pages\/1437\/revisions"}],"predecessor-version":[{"id":1802,"href":"https:\/\/www.editionsfou.com\/en\/wp-json\/wp\/v2\/pages\/1437\/revisions\/1802"}],"wp:attachment":[{"href":"https:\/\/www.editionsfou.com\/en\/wp-json\/wp\/v2\/media?parent=1437"}],"curies":[{"name":"wp","href":"https:\/\/api.w.org\/{rel}","templated":true}]}}