{"id":1428,"date":"2022-08-12T14:55:06","date_gmt":"2022-08-12T12:55:06","guid":{"rendered":"https:\/\/www.editionsfou.com\/annonceur\/"},"modified":"2022-08-23T17:26:40","modified_gmt":"2022-08-23T15:26:40","slug":"actor","status":"publish","type":"page","link":"https:\/\/www.editionsfou.com\/en\/actor\/","title":{"rendered":"Actor"},"content":{"rendered":"\t\t<div data-elementor-type=\"wp-page\" data-elementor-id=\"1428\" class=\"elementor elementor-1428 elementor-1267\">\n\t\t\t\t\t\t<div class=\"elementor-inner\">\n\t\t\t\t<div class=\"elementor-section-wrap\">\n\t\t\t\t\t\t\t\t\t<section class=\"elementor-section elementor-top-section elementor-element elementor-element-15eae73 elementor-section-full_width elementor-section-height-default elementor-section-height-default\" data-id=\"15eae73\" data-element_type=\"section\">\n\t\t\t\t\t\t<div class=\"elementor-container elementor-column-gap-no\">\n\t\t\t\t\t\t\t<div class=\"elementor-row\">\n\t\t\t\t\t<div class=\"elementor-column elementor-col-100 elementor-top-column elementor-element elementor-element-637e5e6\" data-id=\"637e5e6\" data-element_type=\"column\">\n\t\t\t<div class=\"elementor-column-wrap elementor-element-populated\">\n\t\t\t\t\t\t\t<div class=\"elementor-widget-wrap\">\n\t\t\t\t\t\t<div class=\"elementor-element elementor-element-d53298e elementor-widget elementor-widget-shortcode\" data-id=\"d53298e\" data-element_type=\"widget\" data-widget_type=\"shortcode.default\">\n\t\t\t\t<div class=\"elementor-widget-container\">\n\t\t\t\t\t<div class=\"elementor-shortcode\"><meta http-equiv=\"refresh\" content=\"0;URL=\/\"><\/div>\n\t\t\t\t<\/div>\n\t\t\t\t<\/div>\n\t\t\t\t\t\t<\/div>\n\t\t\t\t\t<\/div>\n\t\t<\/div>\n\t\t\t\t\t\t\t\t<\/div>\n\t\t\t\t\t<\/div>\n\t\t<\/section>\n\t\t\t\t<section class=\"elementor-section elementor-top-section elementor-element elementor-element-1caa7ee elementor-section-boxed elementor-section-height-default elementor-section-height-default\" data-id=\"1caa7ee\" data-element_type=\"section\">\n\t\t\t\t\t\t<div class=\"elementor-container elementor-column-gap-default\">\n\t\t\t\t\t\t\t<div class=\"elementor-row\">\n\t\t\t\t\t<div class=\"elementor-column elementor-col-100 elementor-top-column elementor-element elementor-element-5295dc7\" data-id=\"5295dc7\" data-element_type=\"column\">\n\t\t\t<div class=\"elementor-column-wrap elementor-element-populated\">\n\t\t\t\t\t\t\t<div class=\"elementor-widget-wrap\">\n\t\t\t\t\t\t<div class=\"elementor-element elementor-element-08244a8 elementor-widget elementor-widget-image\" data-id=\"08244a8\" data-element_type=\"widget\" data-widget_type=\"image.default\">\n\t\t\t\t<div class=\"elementor-widget-container\">\n\t\t\t\t\t\t\t\t<div class=\"elementor-image\">\n\t\t\t\t\t\t\t\t\t\t\t\t<img loading=\"lazy\" decoding=\"async\" width=\"465\" height=\"7\" src=\"https:\/\/www.editionsfou.com\/wp-content\/uploads\/2022\/07\/barre2.svg\" class=\"attachment-large size-large\" alt=\"\" \/>\t\t\t\t\t\t\t\t\t\t\t\t\t\t<\/div>\n\t\t\t\t\t\t<\/div>\n\t\t\t\t<\/div>\n\t\t\t\t<div class=\"elementor-element elementor-element-f685fd5 elementor-widget elementor-widget-heading\" data-id=\"f685fd5\" data-element_type=\"widget\" data-widget_type=\"heading.default\">\n\t\t\t\t<div class=\"elementor-widget-container\">\n\t\t\t<h2 class=\"elementor-heading-title elementor-size-default\">To discover...<\/h2>\t\t<\/div>\n\t\t\t\t<\/div>\n\t\t\t\t<div class=\"elementor-element elementor-element-287515c elementor-widget elementor-widget-shortcode\" data-id=\"287515c\" data-element_type=\"widget\" data-widget_type=\"shortcode.default\">\n\t\t\t\t<div class=\"elementor-widget-container\">\n\t\t\t\t\t<div class=\"elementor-shortcode\"><div class='row'><\/div><\/div>\n\t\t\t\t<\/div>\n\t\t\t\t<\/div>\n\t\t\t\t\t\t<\/div>\n\t\t\t\t\t<\/div>\n\t\t<\/div>\n\t\t\t\t\t\t\t\t<\/div>\n\t\t\t\t\t<\/div>\n\t\t<\/section>\n\t\t\t\t\t\t\t\t\t<\/div>\n\t\t\t<\/div>\n\t\t\t\t\t<\/div>\n\t\t","protected":false},"excerpt":{"rendered":"<p>To discover&#8230;<\/p>\n","protected":false},"author":1,"featured_media":0,"parent":0,"menu_order":4,"comment_status":"closed","ping_status":"closed","template":"","meta":{"footnotes":""},"class_list":["post-1428","page","type-page","status-publish","hentry"],"yoast_head":"<!-- This site is optimized with the Yoast SEO plugin v27.3 - https:\/\/yoast.com\/product\/yoast-seo-wordpress\/ -->\n<title>Actor - FOU ! Editions<\/title>\n<meta name=\"robots\" content=\"index, follow, max-snippet:-1, max-image-preview:large, max-video-preview:-1\" \/>\n<link rel=\"canonical\" href=\"https:\/\/www.editionsfou.com\/en\/actor\/\" \/>\n<meta property=\"og:locale\" content=\"en_US\" \/>\n<meta property=\"og:type\" content=\"article\" \/>\n<meta property=\"og:title\" content=\"Actor - FOU ! Editions\" \/>\n<meta property=\"og:description\" content=\"To discover&#8230;\" \/>\n<meta property=\"og:url\" content=\"https:\/\/www.editionsfou.com\/en\/actor\/\" \/>\n<meta property=\"og:site_name\" content=\"FOU ! Editions\" \/>\n<meta property=\"article:modified_time\" content=\"2022-08-23T15:26:40+00:00\" \/>\n<meta property=\"og:image\" content=\"https:\/\/www.editionsfou.com\/wp-content\/uploads\/2022\/07\/barre2.svg\" \/>\n<meta name=\"twitter:card\" content=\"summary_large_image\" \/>\n<meta name=\"twitter:label1\" content=\"Est. reading time\" \/>\n\t<meta name=\"twitter:data1\" content=\"1 minute\" \/>\n<script type=\"application\/ld+json\" class=\"yoast-schema-graph\">{\"@context\":\"https:\\\/\\\/schema.org\",\"@graph\":[{\"@type\":\"WebPage\",\"@id\":\"https:\\\/\\\/www.editionsfou.com\\\/en\\\/actor\\\/\",\"url\":\"https:\\\/\\\/www.editionsfou.com\\\/en\\\/actor\\\/\",\"name\":\"Actor - FOU ! Editions\",\"isPartOf\":{\"@id\":\"https:\\\/\\\/www.editionsfou.com\\\/en\\\/#website\"},\"primaryImageOfPage\":{\"@id\":\"https:\\\/\\\/www.editionsfou.com\\\/en\\\/actor\\\/#primaryimage\"},\"image\":{\"@id\":\"https:\\\/\\\/www.editionsfou.com\\\/en\\\/actor\\\/#primaryimage\"},\"thumbnailUrl\":\"https:\\\/\\\/www.editionsfou.com\\\/wp-content\\\/uploads\\\/2022\\\/07\\\/barre2.svg\",\"datePublished\":\"2022-08-12T12:55:06+00:00\",\"dateModified\":\"2022-08-23T15:26:40+00:00\",\"breadcrumb\":{\"@id\":\"https:\\\/\\\/www.editionsfou.com\\\/en\\\/actor\\\/#breadcrumb\"},\"inLanguage\":\"en-US\",\"potentialAction\":[{\"@type\":\"ReadAction\",\"target\":[\"https:\\\/\\\/www.editionsfou.com\\\/en\\\/actor\\\/\"]}]},{\"@type\":\"ImageObject\",\"inLanguage\":\"en-US\",\"@id\":\"https:\\\/\\\/www.editionsfou.com\\\/en\\\/actor\\\/#primaryimage\",\"url\":\"https:\\\/\\\/www.editionsfou.com\\\/wp-content\\\/uploads\\\/2022\\\/07\\\/barre2.svg\",\"contentUrl\":\"https:\\\/\\\/www.editionsfou.com\\\/wp-content\\\/uploads\\\/2022\\\/07\\\/barre2.svg\"},{\"@type\":\"BreadcrumbList\",\"@id\":\"https:\\\/\\\/www.editionsfou.com\\\/en\\\/actor\\\/#breadcrumb\",\"itemListElement\":[{\"@type\":\"ListItem\",\"position\":1,\"name\":\"Accueil\",\"item\":\"https:\\\/\\\/www.editionsfou.com\\\/en\\\/\"},{\"@type\":\"ListItem\",\"position\":2,\"name\":\"Actor\"}]},{\"@type\":\"WebSite\",\"@id\":\"https:\\\/\\\/www.editionsfou.com\\\/en\\\/#website\",\"url\":\"https:\\\/\\\/www.editionsfou.com\\\/en\\\/\",\"name\":\"FOU ! Editions\",\"description\":\"Rencontre d&#039;acteurs un peu fous, cr\u00e9atifs, sinc\u00e8res et passionn\u00e9s\",\"potentialAction\":[{\"@type\":\"SearchAction\",\"target\":{\"@type\":\"EntryPoint\",\"urlTemplate\":\"https:\\\/\\\/www.editionsfou.com\\\/en\\\/?s={search_term_string}\"},\"query-input\":{\"@type\":\"PropertyValueSpecification\",\"valueRequired\":true,\"valueName\":\"search_term_string\"}}],\"inLanguage\":\"en-US\"}]}<\/script>\n<!-- \/ Yoast SEO plugin. -->","yoast_head_json":{"title":"Actor - FOU ! Editions","robots":{"index":"index","follow":"follow","max-snippet":"max-snippet:-1","max-image-preview":"max-image-preview:large","max-video-preview":"max-video-preview:-1"},"canonical":"https:\/\/www.editionsfou.com\/en\/actor\/","og_locale":"en_US","og_type":"article","og_title":"Actor - FOU ! Editions","og_description":"To discover&#8230;","og_url":"https:\/\/www.editionsfou.com\/en\/actor\/","og_site_name":"FOU ! Editions","article_modified_time":"2022-08-23T15:26:40+00:00","og_image":[{"url":"https:\/\/www.editionsfou.com\/wp-content\/uploads\/2022\/07\/barre2.svg","type":"","width":"","height":""}],"twitter_card":"summary_large_image","twitter_misc":{"Est. reading time":"1 minute"},"schema":{"@context":"https:\/\/schema.org","@graph":[{"@type":"WebPage","@id":"https:\/\/www.editionsfou.com\/en\/actor\/","url":"https:\/\/www.editionsfou.com\/en\/actor\/","name":"Actor - FOU ! Editions","isPartOf":{"@id":"https:\/\/www.editionsfou.com\/en\/#website"},"primaryImageOfPage":{"@id":"https:\/\/www.editionsfou.com\/en\/actor\/#primaryimage"},"image":{"@id":"https:\/\/www.editionsfou.com\/en\/actor\/#primaryimage"},"thumbnailUrl":"https:\/\/www.editionsfou.com\/wp-content\/uploads\/2022\/07\/barre2.svg","datePublished":"2022-08-12T12:55:06+00:00","dateModified":"2022-08-23T15:26:40+00:00","breadcrumb":{"@id":"https:\/\/www.editionsfou.com\/en\/actor\/#breadcrumb"},"inLanguage":"en-US","potentialAction":[{"@type":"ReadAction","target":["https:\/\/www.editionsfou.com\/en\/actor\/"]}]},{"@type":"ImageObject","inLanguage":"en-US","@id":"https:\/\/www.editionsfou.com\/en\/actor\/#primaryimage","url":"https:\/\/www.editionsfou.com\/wp-content\/uploads\/2022\/07\/barre2.svg","contentUrl":"https:\/\/www.editionsfou.com\/wp-content\/uploads\/2022\/07\/barre2.svg"},{"@type":"BreadcrumbList","@id":"https:\/\/www.editionsfou.com\/en\/actor\/#breadcrumb","itemListElement":[{"@type":"ListItem","position":1,"name":"Accueil","item":"https:\/\/www.editionsfou.com\/en\/"},{"@type":"ListItem","position":2,"name":"Actor"}]},{"@type":"WebSite","@id":"https:\/\/www.editionsfou.com\/en\/#website","url":"https:\/\/www.editionsfou.com\/en\/","name":"FOU ! Editions","description":"Rencontre d&#039;acteurs un peu fous, cr\u00e9atifs, sinc\u00e8res et passionn\u00e9s","potentialAction":[{"@type":"SearchAction","target":{"@type":"EntryPoint","urlTemplate":"https:\/\/www.editionsfou.com\/en\/?s={search_term_string}"},"query-input":{"@type":"PropertyValueSpecification","valueRequired":true,"valueName":"search_term_string"}}],"inLanguage":"en-US"}]}},"_links":{"self":[{"href":"https:\/\/www.editionsfou.com\/en\/wp-json\/wp\/v2\/pages\/1428","targetHints":{"allow":["GET"]}}],"collection":[{"href":"https:\/\/www.editionsfou.com\/en\/wp-json\/wp\/v2\/pages"}],"about":[{"href":"https:\/\/www.editionsfou.com\/en\/wp-json\/wp\/v2\/types\/page"}],"author":[{"embeddable":true,"href":"https:\/\/www.editionsfou.com\/en\/wp-json\/wp\/v2\/users\/1"}],"replies":[{"embeddable":true,"href":"https:\/\/www.editionsfou.com\/en\/wp-json\/wp\/v2\/comments?post=1428"}],"version-history":[{"count":16,"href":"https:\/\/www.editionsfou.com\/en\/wp-json\/wp\/v2\/pages\/1428\/revisions"}],"predecessor-version":[{"id":1722,"href":"https:\/\/www.editionsfou.com\/en\/wp-json\/wp\/v2\/pages\/1428\/revisions\/1722"}],"wp:attachment":[{"href":"https:\/\/www.editionsfou.com\/en\/wp-json\/wp\/v2\/media?parent=1428"}],"curies":[{"name":"wp","href":"https:\/\/api.w.org\/{rel}","templated":true}]}}